{"id":3469,"date":"2023-12-18T18:40:18","date_gmt":"2023-12-18T17:40:18","guid":{"rendered":"https:\/\/petar-zrinski-edukacija.com\/vrbanigor\/?post_type=product&#038;p=3469"},"modified":"2023-12-27T13:00:44","modified_gmt":"2023-12-27T12:00:44","slug":"pet-head-quick-fix-2in1-sampon","status":"publish","type":"product","link":"https:\/\/name.grooming.hr\/wp\/proizvod\/pet-head-quick-fix-2in1-sampon\/","title":{"rendered":"Pet Head Quick"},"content":{"rendered":"<p><strong>Pet Head Quick Fix 2in1 \u0161ampon u pregledu:<\/strong><\/p>\n<ul>\n<li>\u0161ampon i regenator 2 u 1\u00a0s mirisom breskve, za pse<\/li>\n<li><strong>u\u010dinkovita njega dlake<\/strong>: brzo i jednostavno \u010disti i njeguje dlaku; manje vremena u kupaonici, vi\u0161e vremena za ma\u017eenje<\/li>\n<li><strong>njeguje i \u010disti<\/strong>: s jojobinim uljem, vitaminom E i biotinom<\/li>\n<li><strong>s kokosovim i arganovim uljem<\/strong>: izvori vitamina i hranjivih tvari, mogu pridonijeti lijepo sjajnoj dlaci<\/li>\n<li>s aloe verom: kao izvorom vlage, pridonosi \u010di\u0161\u0107enju<\/li>\n<li>prirodni sastojci: bez parabena, sulfata i boja<\/li>\n<li>ekskluzivni miris Pet Head: miris breskva<\/li>\n<li>veganski, bez glutena i ora\u0161astih plodova, uravnote\u017een pH<\/li>\n<li>nije testiran na \u017eivotinjama<\/li>\n<li>tako\u0111er za \u0161tenad: ve\u0107 od 8. tjedna \u017eivota<\/li>\n<li>ambala\u017eu je mogu\u0107e 100 % reciklirati: simpati\u010dan dizajn sa\u00a0zatvara\u010dem u obliku kosti<\/li>\n<li>proizvedeno u SAD-u<\/li>\n<li><strong>sadr\u017eaj<\/strong>: 300 ml<\/li>\n<\/ul>\n","protected":false},"excerpt":{"rendered":"<p>\u0160ampon za pse, s prirodnim sastojcima,\u00a0<strong>proizvod za njegu 2 u 1, s regeneratorom, s jojobinim uljem<\/strong>, aloe verom, biotinom i vitaminom E,\u00a0<strong>njeguje i \u010disti,<\/strong>\u00a0s mirisom breskve, veganski, nije testiran na \u017eivotinjama<\/p>\n","protected":false},"featured_media":3856,"comment_status":"open","ping_status":"closed","template":"","meta":{"site-sidebar-layout":"default","site-content-layout":"","ast-site-content-layout":"default","site-content-style":"default","site-sidebar-style":"default","ast-global-header-display":"","ast-banner-title-visibility":"","ast-main-header-display":"","ast-hfb-above-header-display":"","ast-hfb-below-header-display":"","ast-hfb-mobile-header-display":"","site-post-title":"","ast-breadcrumbs-content":"","ast-featured-img":"","footer-sml-layout":"","theme-transparent-header-meta":"default","adv-header-id-meta":"","stick-header-meta":"","header-above-stick-meta":"","header-main-stick-meta":"","header-below-stick-meta":"","astra-migrate-meta-layouts":"set","ast-page-background-enabled":"default","ast-page-background-meta":{"desktop":{"background-color":"var(--ast-global-color-4)","background-image":"","background-repeat":"repeat","background-position":"center center","background-size":"auto","background-attachment":"scroll","background-type":"","background-media":"","overlay-type":"","overlay-color":"","overlay-gradient":""},"tablet":{"background-color":"","background-image":"","background-repeat":"repeat","background-position":"center center","background-size":"auto","background-attachment":"scroll","background-type":"","background-media":"","overlay-type":"","overlay-color":"","overlay-gradient":""},"mobile":{"background-color":"","background-image":"","background-repeat":"repeat","background-position":"center center","background-size":"auto","background-attachment":"scroll","background-type":"","background-media":"","overlay-type":"","overlay-color":"","overlay-gradient":""}},"ast-content-background-meta":{"desktop":{"background-color":"var(--ast-global-color-5)","background-image":"","background-repeat":"repeat","background-position":"center center","background-size":"auto","background-attachment":"scroll","background-type":"","background-media":"","overlay-type":"","overlay-color":"","overlay-gradient":""},"tablet":{"background-color":"var(--ast-global-color-5)","background-image":"","background-repeat":"repeat","background-position":"center center","background-size":"auto","background-attachment":"scroll","background-type":"","background-media":"","overlay-type":"","overlay-color":"","overlay-gradient":""},"mobile":{"background-color":"var(--ast-global-color-5)","background-image":"","background-repeat":"repeat","background-position":"center center","background-size":"auto","background-attachment":"scroll","background-type":"","background-media":"","overlay-type":"","overlay-color":"","overlay-gradient":""}}},"product_cat":[36],"product_tag":[],"class_list":{"0":"post-3469","1":"product","2":"type-product","3":"status-publish","4":"has-post-thumbnail","6":"product_cat-samponi-za-pse","7":"desktop-align-center","8":"tablet-align-left","9":"mobile-align-left","11":"first","12":"instock","13":"taxable","14":"shipping-taxable","15":"purchasable","16":"product-type-simple"},"_links":{"self":[{"href":"https:\/\/name.grooming.hr\/wp\/wp-json\/wp\/v2\/product\/3469","targetHints":{"allow":["GET"]}}],"collection":[{"href":"https:\/\/name.grooming.hr\/wp\/wp-json\/wp\/v2\/product"}],"about":[{"href":"https:\/\/name.grooming.hr\/wp\/wp-json\/wp\/v2\/types\/product"}],"replies":[{"embeddable":true,"href":"https:\/\/name.grooming.hr\/wp\/wp-json\/wp\/v2\/comments?post=3469"}],"wp:featuredmedia":[{"embeddable":true,"href":"https:\/\/name.grooming.hr\/wp\/wp-json\/wp\/v2\/media\/3856"}],"wp:attachment":[{"href":"https:\/\/name.grooming.hr\/wp\/wp-json\/wp\/v2\/media?parent=3469"}],"wp:term":[{"taxonomy":"product_cat","embeddable":true,"href":"https:\/\/name.grooming.hr\/wp\/wp-json\/wp\/v2\/product_cat?post=3469"},{"taxonomy":"product_tag","embeddable":true,"href":"https:\/\/name.grooming.hr\/wp\/wp-json\/wp\/v2\/product_tag?post=3469"}],"curies":[{"name":"wp","href":"https:\/\/api.w.org\/{rel}","templated":true}]}}